{"id":103,"date":"2021-01-15T20:52:07","date_gmt":"2021-01-15T19:52:07","guid":{"rendered":"https:\/\/www.irancultura.it\/iranart\/?page_id=103"},"modified":"2024-09-25T02:30:19","modified_gmt":"2024-09-25T00:30:19","slug":"chi-siamo","status":"publish","type":"page","link":"https:\/\/www.irancultura.it\/iranart\/chi-siamo\/","title":{"rendered":"chi siamo"},"content":{"rendered":"<p>[et_pb_section fb_built=&#8221;1&#8243; _builder_version=&#8221;4.16&#8243; custom_padding=&#8221;80px||80px||true|false&#8221; global_colors_info=&#8221;{}&#8221;][et_pb_row column_structure=&#8221;1_2,1_2&#8243; use_custom_gutter=&#8221;on&#8221; gutter_width=&#8221;1&#8243; make_equal=&#8221;on&#8221; custom_padding_last_edited=&#8221;off|desktop&#8221; padding_top_bottom_link_1=&#8221;true&#8221; _builder_version=&#8221;4.16&#8243; width_tablet=&#8221;94%&#8221; width_phone=&#8221;94%&#8221; width_last_edited=&#8221;off|phone&#8221; max_width_tablet=&#8221;94%&#8221; max_width_phone=&#8221;94%&#8221; max_width_last_edited=&#8221;off|tablet&#8221; custom_padding_tablet=&#8221;22px||&#8221; global_colors_info=&#8221;{}&#8221;][et_pb_column type=&#8221;1_2&#8243; _builder_version=&#8221;4.16&#8243; custom_padding=&#8221;|44px|||false|false&#8221; custom_padding_tablet=&#8221;|0px|||false|false&#8221; custom_padding_phone=&#8221;|0px|||false|false&#8221; custom_padding_last_edited=&#8221;on|tablet&#8221; global_colors_info=&#8221;{}&#8221; custom_padding__hover=&#8221;|||&#8221;][et_pb_divider color=&#8221;#000000&#8243; divider_weight=&#8221;3px&#8221; _builder_version=&#8221;4.16&#8243; max_width=&#8221;108px&#8221; custom_margin=&#8221;-2px||||false|false&#8221; custom_margin_tablet=&#8221;-20px||12px||false|false&#8221; custom_margin_phone=&#8221;-20px||12px||false|false&#8221; custom_margin_last_edited=&#8221;on|tablet&#8221; global_colors_info=&#8221;{}&#8221;][\/et_pb_divider][et_pb_text _builder_version=&#8221;4.16&#8243; text_text_align=&#8221;left&#8221; global_colors_info=&#8221;{}&#8221;]<\/p>\n<p><strong>CHI SIAMO<\/strong><br \/>Italia e Iran sono entrambi paesi dalla fortissima vocazione culturale. Le relazioni tra le due nazioni, che godono di un ricco passato storico e culturale, affondano le loro radici molto indietro nel tempo, due grandi civilt\u00e0 con patrimoni artistici e culturali inestimabili, i quali rappresentano da sempre un fattore di importanza ed efficacia fondamentale per l\u2019instaurazione e lo sviluppo dei rapporti bilaterali in tutti gli ambiti.<br \/>Oggi l\u2019Istituto culturale iraniano a Roma rappresenta l\u2019unica struttura ufficiale che si occupa della promozione della cultura e della civilt\u00e0 dell\u2019Iran all\u2019estero nell\u2019ambito della diplomazia culturale della Repubblica Islamica dell\u2019Iran.<br \/>L\u2019Istituto Culturale dell\u2019Iran, \u00e8 attivo da oltre mezzo secolo come rappresentante delle istituzioni culturali iraniane nel promuovere le relazioni culturali e accademiche ponendosi come \u201cponte\u201d tra le due nazioni, con l\u2019obiettivo di approfondire lo sviluppo dei loro rapporti culturali e scientifici. A tal fine la biblioteca multilingue e multidisciplinare dell\u2019Istituto culturale, che vanta oltre tremila volumi, in particolare testi di lingua e letteratura persiana, \u00e8 aperta a docenti, studenti, ricercatori e appassionati.<\/p>\n<p>[\/et_pb_text][\/et_pb_column][et_pb_column type=&#8221;1_2&#8243; _builder_version=&#8221;4.16&#8243; background_image=&#8221;https:\/\/www.irancultura.it\/iranart\/wp-content\/uploads\/2021\/01\/Scultura.jpg&#8221; parallax=&#8221;on&#8221; custom_padding=&#8221;|||&#8221; global_colors_info=&#8221;{}&#8221; custom_padding__hover=&#8221;|||&#8221;][et_pb_text _builder_version=&#8221;4.16&#8243; text_font=&#8221;|500|||||||&#8221; text_text_color=&#8221;#ffffff&#8221; text_font_size=&#8221;20px&#8221; text_letter_spacing=&#8221;1px&#8221; text_line_height=&#8221;1em&#8221; background_color=&#8221;#383838&#8243; transform_scale_tablet=&#8221;&#8221; transform_scale_phone=&#8221;&#8221; transform_scale_last_edited=&#8221;on|desktop&#8221; transform_translate_tablet=&#8221;&#8221; transform_translate_phone=&#8221;&#8221; transform_translate_last_edited=&#8221;on|desktop&#8221; transform_translate_linked__hover=&#8221;off&#8221; transform_rotate=&#8221;0deg|0deg|90deg&#8221; transform_rotate_tablet=&#8221;0deg|0deg|0deg&#8221; transform_rotate_phone=&#8221;0deg|0deg|0deg&#8221; transform_rotate_last_edited=&#8221;on|desktop&#8221; transform_skew_tablet=&#8221;&#8221; transform_skew_phone=&#8221;&#8221; transform_skew_last_edited=&#8221;on|desktop&#8221; transform_origin_tablet=&#8221;&#8221; transform_origin_phone=&#8221;&#8221; transform_origin_last_edited=&#8221;on|desktop&#8221; transform_styles_last_edited=&#8221;on|desktop&#8221; z_index=&#8221;9999999999&#8243; max_width=&#8221;420px&#8221; max_width_tablet=&#8221;&#8221; max_width_phone=&#8221;260px&#8221; max_width_last_edited=&#8221;on|desktop&#8221; custom_margin=&#8221;139px|||-135px|false|false&#8221; custom_margin_tablet=&#8221;123px||68px|0px&#8221; custom_margin_phone=&#8221;115px||31px|0px&#8221; custom_margin_last_edited=&#8221;on|desktop&#8221; custom_padding=&#8221;11px||8px|85px|false|false&#8221; custom_padding_tablet=&#8221;&#8221; custom_padding_phone=&#8221;26px||23px|33px&#8221; custom_padding_last_edited=&#8221;on|desktop&#8221; hover_enabled=&#8221;0&#8243; text_font_size_tablet=&#8221;&#8221; text_font_size_phone=&#8221;30px&#8221; text_font_size_last_edited=&#8221;on|desktop&#8221; transform_styles_tablet=&#8221;&#8221; transform_styles_phone=&#8221;&#8221; text_text_align=&#8221;left&#8221; global_colors_info=&#8221;{}&#8221; background__hover_enabled=&#8221;off&#8221; background_color__hover=&#8221;#70D4A4&#8243; text_text_color__hover_enabled=&#8221;off&#8221; text_text_color__hover=&#8221;#ffffff&#8221; transform_styles__hover_enabled=&#8221;off&#8221; transform_scale__hover_enabled=&#8221;off&#8221; transform_translate__hover_enabled=&#8221;off&#8221; transform_rotate__hover_enabled=&#8221;off&#8221; transform_skew__hover_enabled=&#8221;off&#8221; transform_origin__hover_enabled=&#8221;off&#8221; transform_translate__hover=&#8221;0px|-17px&#8221; sticky_enabled=&#8221;0&#8243;]<\/p>\n<p>CHI SIAMO<\/p>\n<p>[\/et_pb_text][\/et_pb_column][\/et_pb_row][et_pb_row column_structure=&#8221;1_2,1_2&#8243; use_custom_gutter=&#8221;on&#8221; gutter_width=&#8221;2&#8243; make_equal=&#8221;on&#8221; custom_padding_last_edited=&#8221;off|desktop&#8221; padding_top_bottom_link_1=&#8221;true&#8221; _builder_version=&#8221;4.16&#8243; width_tablet=&#8221;94%&#8221; width_phone=&#8221;94%&#8221; width_last_edited=&#8221;off|phone&#8221; max_width_tablet=&#8221;94%&#8221; max_width_phone=&#8221;94%&#8221; max_width_last_edited=&#8221;off|tablet&#8221; custom_margin=&#8221;31px||||false|false&#8221; custom_padding_tablet=&#8221;22px||&#8221; global_colors_info=&#8221;{}&#8221;][et_pb_column type=&#8221;1_2&#8243; _builder_version=&#8221;4.16&#8243; background_image=&#8221;https:\/\/www.irancultura.it\/iranart\/wp-content\/uploads\/2021\/01\/lato.jpg&#8221; custom_padding=&#8221;|||&#8221; global_colors_info=&#8221;{}&#8221; custom_padding__hover=&#8221;|||&#8221;][et_pb_text _builder_version=&#8221;4.16&#8243; text_font=&#8221;|500||on|||||&#8221; text_text_color=&#8221;#ffffff&#8221; text_font_size=&#8221;20px&#8221; text_letter_spacing=&#8221;1px&#8221; text_line_height=&#8221;1em&#8221; background_color=&#8221;#383838&#8243; transform_scale_tablet=&#8221;&#8221; transform_scale_phone=&#8221;&#8221; transform_scale_last_edited=&#8221;on|desktop&#8221; transform_translate_tablet=&#8221;&#8221; transform_translate_phone=&#8221;&#8221; transform_translate_last_edited=&#8221;on|desktop&#8221; transform_translate_linked__hover=&#8221;off&#8221; transform_rotate=&#8221;0deg|0deg|90deg&#8221; transform_rotate_tablet=&#8221;0deg|0deg|0deg&#8221; transform_rotate_phone=&#8221;0deg|0deg|0deg&#8221; transform_rotate_last_edited=&#8221;on|desktop&#8221; transform_skew_tablet=&#8221;&#8221; transform_skew_phone=&#8221;&#8221; transform_skew_last_edited=&#8221;on|desktop&#8221; transform_origin_tablet=&#8221;&#8221; transform_origin_phone=&#8221;&#8221; transform_origin_last_edited=&#8221;on|desktop&#8221; transform_styles_last_edited=&#8221;on|desktop&#8221; z_index=&#8221;9999999999&#8243; max_width=&#8221;420px&#8221; max_width_tablet=&#8221;&#8221; max_width_phone=&#8221;260px&#8221; max_width_last_edited=&#8221;on|desktop&#8221; custom_margin=&#8221;139px|||-135px|false|false&#8221; custom_margin_tablet=&#8221;123px||68px|0px&#8221; custom_margin_phone=&#8221;115px||31px|0px&#8221; custom_margin_last_edited=&#8221;on|desktop&#8221; custom_padding=&#8221;11px||8px|85px|false|false&#8221; custom_padding_tablet=&#8221;&#8221; custom_padding_phone=&#8221;26px||23px|33px&#8221; custom_padding_last_edited=&#8221;on|desktop&#8221; hover_enabled=&#8221;0&#8243; text_font_size_tablet=&#8221;&#8221; text_font_size_phone=&#8221;30px&#8221; text_font_size_last_edited=&#8221;on|desktop&#8221; transform_styles_tablet=&#8221;&#8221; transform_styles_phone=&#8221;&#8221; text_text_align=&#8221;left&#8221; global_colors_info=&#8221;{}&#8221; background_color__hover=&#8221;#70D4A4&#8243; text_text_color__hover_enabled=&#8221;off&#8221; text_text_color__hover=&#8221;#ffffff&#8221; transform_styles__hover_enabled=&#8221;off&#8221; transform_scale__hover_enabled=&#8221;off&#8221; transform_translate__hover=&#8221;0px|-17px&#8221; transform_translate__hover_enabled=&#8221;off&#8221; transform_rotate__hover_enabled=&#8221;off&#8221; transform_skew__hover_enabled=&#8221;off&#8221; transform_origin__hover_enabled=&#8221;off&#8221; background__hover_enabled=&#8221;off&#8221; sticky_enabled=&#8221;0&#8243;]<\/p>\n<p>nostra missione<\/p>\n<p>[\/et_pb_text][\/et_pb_column][et_pb_column type=&#8221;1_2&#8243; _builder_version=&#8221;4.16&#8243; custom_padding=&#8221;|44px|||false|false&#8221; custom_padding_tablet=&#8221;|0px|||false|false&#8221; custom_padding_phone=&#8221;|0px|||false|false&#8221; custom_padding_last_edited=&#8221;on|tablet&#8221; global_colors_info=&#8221;{}&#8221; custom_padding__hover=&#8221;|||&#8221;][et_pb_text _builder_version=&#8221;4.27.0&#8243; hover_enabled=&#8221;0&#8243; text_text_align=&#8221;left&#8221; global_colors_info=&#8221;{}&#8221; sticky_enabled=&#8221;0&#8243;]<strong>LA NOSTRA MISSONE<\/strong><\/p>\n<p>Ora che meeting, fiere, vernissage e altri incontri sociali stanno affrontando un periodo nuovo, gli esponenti del settore dell\u2019arte hanno finalmente il tempo di portare avanti la strategia digitale di cui magari parlavano da tempo, ma per la quale non si era mai presentata la giusta occasione.<br \/>\nOgni giorno che passa migliaia di nuove persone si connettono al web e una percentuale sempre pi\u00f9 alta di queste lo consulta per qualsiasi tipo di necessit\u00e0. Le nuove generazioni consultano il web prima di qualsiasi acquisto, ma sorprendentemente anche quelle pi\u00f9 vecchie sono ogni giorno pi\u00f9 affascinate da questo mondo. Non essere presenti sul web vuol dire essere invisibili per la maggior parte di questi.<br \/>\nPochi ambiti, come quello artistico, si sono fatti portatori d\u2019innovazione, nel corso dei tempi, e soprattutto a cavallo tra ventesimo e ventunesimo secolo. Decenni di avanguardie, performance e provocazioni hanno visto l\u2019arte scegliere le nuove tecnologie come veicolo non solo per continuare a precorrere i tempi e ad evolversi, ma soprattutto per promuoversi e rendersi accessibile<\/p>\n<div style=\"overflow: auto; position: absolute; height: 0pt; width: 0pt;\"> Discover endless fun with Tentenslot <a href=\"https:\/\/tentenslotgacorr.best\">https:\/\/tentenslotgacorr.best<\/a> ! Enjoy thrilling games, big wins, and top-notch security. Join now for an unbeatable gaming experience! <\/div>\n<p>[\/et_pb_text][\/et_pb_column][\/et_pb_row][et_pb_row _builder_version=&#8221;4.16&#8243; _module_preset=&#8221;default&#8221; custom_padding=&#8221;5px|||||&#8221; global_colors_info=&#8221;{}&#8221;][et_pb_column type=&#8221;4_4&#8243; _builder_version=&#8221;4.16&#8243; _module_preset=&#8221;default&#8221; global_colors_info=&#8221;{}&#8221;][et_pb_text _builder_version=&#8221;4.16&#8243; _module_preset=&#8221;default&#8221; global_colors_info=&#8221;{}&#8221;]<\/p>\n<p>a tutti e in particolare per presentare i nuovi talenti e i giovani artisti.<br \/> Se il pubblico non va o non pu\u00f2 andare al museo piuttosto che visitare una mostra d\u2019arte, il museo oppure la mostra va al pubblico. \u00c8 ormai quasi impossibile contare le iniziative online messe in atto da istituzioni museali ed espositive per fare fronte alla inaccessibilit\u00e0 causata da vari fattori.<br \/> L\u2019arte sposa il mondo digitale con quello reale e le opere di ogni artista nel mondo sono ora fruibili ovunque. L\u2019arte non conosce pi\u00f9 confini, muri, barriere grazie al digitale.<br \/> Proprio per questo motivo l\u2019istituto Culturale dell\u2019Iran che si occupa di presentare l\u2019arte, la cultura e la civilt\u00e0 persiana in Italia non poteva rimanere indietro e ritiene necessario essere in pari passo che l\u2019evoluzione della tecnologia anche nell\u2019arte.<br \/> Abbiamo ideato un sito per diventare come una cassa di risonanza per la voce degli artisti e non solo.<\/p>\n<p>[\/et_pb_text][\/et_pb_column][\/et_pb_row][\/et_pb_section]<\/p>\n","protected":false},"excerpt":{"rendered":"<p>CHI SIAMOItalia e Iran sono entrambi paesi dalla fortissima vocazione culturale. Le relazioni tra le due nazioni, che godono di un ricco passato storico e culturale, affondano le loro radici molto indietro nel tempo, due grandi civilt\u00e0 con patrimoni artistici e culturali inestimabili, i quali rappresentano da sempre un fattore di importanza ed efficacia fondamentale [&hellip;]<\/p>\n","protected":false},"author":1,"featured_media":0,"parent":0,"menu_order":0,"comment_status":"closed","ping_status":"open","template":"","meta":{"_et_pb_use_builder":"on","_et_pb_old_content":"","_et_gb_content_width":"","footnotes":""},"class_list":["post-103","page","type-page","status-publish","hentry"],"_links":{"self":[{"href":"https:\/\/www.irancultura.it\/iranart\/wp-json\/wp\/v2\/pages\/103","targetHints":{"allow":["GET"]}}],"collection":[{"href":"https:\/\/www.irancultura.it\/iranart\/wp-json\/wp\/v2\/pages"}],"about":[{"href":"https:\/\/www.irancultura.it\/iranart\/wp-json\/wp\/v2\/types\/page"}],"author":[{"embeddable":true,"href":"https:\/\/www.irancultura.it\/iranart\/wp-json\/wp\/v2\/users\/1"}],"replies":[{"embeddable":true,"href":"https:\/\/www.irancultura.it\/iranart\/wp-json\/wp\/v2\/comments?post=103"}],"version-history":[{"count":4,"href":"https:\/\/www.irancultura.it\/iranart\/wp-json\/wp\/v2\/pages\/103\/revisions"}],"predecessor-version":[{"id":257966,"href":"https:\/\/www.irancultura.it\/iranart\/wp-json\/wp\/v2\/pages\/103\/revisions\/257966"}],"wp:attachment":[{"href":"https:\/\/www.irancultura.it\/iranart\/wp-json\/wp\/v2\/media?parent=103"}],"curies":[{"name":"wp","href":"https:\/\/api.w.org\/{rel}","templated":true}]}}